{"id":30,"date":"2021-11-15T20:48:11","date_gmt":"2021-11-15T20:48:11","guid":{"rendered":"http:\/\/pastovu.vdu.lt\/?page_id=30"},"modified":"2021-11-17T08:45:30","modified_gmt":"2021-11-17T08:45:30","slug":"publikacijos","status":"publish","type":"page","link":"https:\/\/pastovu.vdu.lt\/en\/publikacijos\/","title":{"rendered":"Publications"},"content":{"rendered":"\n<p>Bumbulien\u0117 I., Mandravickait\u0117 J., Bielinskien\u0117 A., Boizou L., Kovalevskait\u0117 J., Rimkut\u0117 E., Vilkait\u0117-Lozdien\u0117 L., Man K. L., Krilavi\u010dius T. 2018:&nbsp;<a href=\"http:\/\/pastovu.vdu.lt\/wp-content\/uploads\/2021\/11\/CICET2018_Proceedings.pdf\" target=\"_blank\" rel=\"noreferrer noopener\">RNNs for Lithuanian Multiword Expressions Identification<\/a>.&nbsp;<em>International Journal of Design, Analysis and Tools for Integrated Circuits and Systems (IJDATICS)<\/em>&nbsp;7 (1). Hong Kong: Solari Co, 44\u201347.<\/p>\n\n\n\n<p>Rimkut\u0117 E., Vilkait\u0117-Lozdien\u0117 L. 2018:\u00a0<a href=\"http:\/\/lituanistusamburis.lt\/wp-content\/uploads\/2018\/09\/GK-2018-08_mot-ir-vyr_DELFI.pdf\" target=\"_blank\" rel=\"noreferrer noopener\">Moterys ir vyrai portale\u00a0<em>DELFI.lt<\/em>: pana\u0161\u016bs ar skirtingi?<\/a>\u00a0<em>Gimtoji kalba\u00a0<\/em>8, 3\u201312.<\/p>\n\n\n\n<p>Bielinskien\u0117 A., Kovalevskait\u0117 J., Rimkut\u0117 E., Vilkait\u0117 L. 2017:&nbsp;&nbsp;<a href=\"http:\/\/pastovu.vdu.lt\/wp-content\/uploads\/2021\/11\/atpazinimo_kriterijai.pdf\" target=\"_blank\" rel=\"noreferrer noopener\">Kolokacij\u0173 ir frazeologizm\u0173 atpa\u017einimo kriterijai<\/a>.<em>&nbsp;Kalb\u0173 studijos<\/em>&nbsp;31, 83\u2013101.<\/p>\n\n\n\n<p>Kovalevskait\u0117 J., Rimkut\u0117 E. 2017: Frazeologizmai ir posakiai tekstyne: kokie pu\u010dia v\u0117jai?&nbsp;<em>Gimtoji kalba&nbsp;<\/em>8, 3\u201313.<\/p>\n\n\n\n<p>Bumbulien\u0117 I., Mandravickait\u0117 J., Boizou L., Krilavi\u010dius T. 2017: &nbsp;&nbsp;<a href=\"http:\/\/ceur-ws.org\/Vol-1853\/\" target=\"_blank\" rel=\"noreferrer noopener\">An overview of Lithuanian Internet media n-gram corpus<\/a>.&nbsp;SYSTEM 2017: Symposium for Young Scientists in Technology, Engineering and Mathematics. CEUR Workshop Proceedings, 24\u201328.<\/p>\n\n\n\n<p>Mandravickait\u0117 J., Krilavi\u010dius T. 2017:&nbsp;<a href=\"http:\/\/pastovu.vdu.lt\/wp-content\/uploads\/2021\/11\/MWE201712.pdf\" target=\"_blank\" rel=\"noreferrer noopener\">Identification of Multiword Expressions for Latvian and Lithuanian: Hybrid Approach<\/a>.&nbsp;<em>Proceedings of the 13th Workshop on Multiword Expressions (MWE 2017)<\/em>. Association for Computational Linguistics, Valencia (Spain), 97\u2013101.<\/p>\n\n\n\n<p>Mandravickait\u0117 J., Rimkut\u0117 E., Krilavi\u010dius T. 2016:&nbsp;<a href=\"http:\/\/pastovu.vdu.lt\/wp-content\/uploads\/2021\/11\/Hybrid_Approach.pdf\" target=\"_blank\" rel=\"noreferrer noopener\">Hybrid Approach for Automatic Identification of Multi-Word Expressions in Lithuanian<\/a>.&nbsp;<em>Proceedings of the Seventh International Conference Baltic HLT 2016.<\/em>&nbsp;Amsterdam, Berlin, Tokyo, Washington, DC: IOS Press, 153\u2013159.<\/p>\n","protected":false},"excerpt":{"rendered":"<p>Bumbulien\u0117 I., Mandravickait\u0117 J., Bielinskien\u0117 A., Boizou L., Kovalevskait\u0117 J., Rimkut\u0117 E., Vilkait\u0117-Lozdien\u0117 L., Man K. L., Krilavi\u010dius T. 2018:&nbsp;RNNs for Lithuanian Multiword Expressions Identification.&nbsp;International Journal of Design, Analysis and Tools for Integrated Circuits and Systems (IJDATICS)&nbsp;7 (1). Hong Kong: Solari Co, 44\u201347. Rimkut\u0117 E., Vilkait\u0117-Lozdien\u0117 L. 2018:\u00a0Moterys ir vyrai portale\u00a0DELFI.lt: pana\u0161\u016bs ar skirtingi?\u00a0Gimtoji kalba\u00a08,&hellip;<\/p>\n","protected":false},"author":1,"featured_media":0,"parent":0,"menu_order":0,"comment_status":"closed","ping_status":"closed","template":"","meta":{"footnotes":""},"class_list":["post-30","page","type-page","status-publish","hentry"],"translation":{"provider":"WPGlobus","version":"2.8.7","language":"en","enabled_languages":["lt","en"],"languages":{"lt":{"title":true,"content":true,"excerpt":false},"en":{"title":true,"content":true,"excerpt":false}}},"_links":{"self":[{"href":"https:\/\/pastovu.vdu.lt\/en\/wp-json\/wp\/v2\/pages\/30","targetHints":{"allow":["GET"]}}],"collection":[{"href":"https:\/\/pastovu.vdu.lt\/en\/wp-json\/wp\/v2\/pages"}],"about":[{"href":"https:\/\/pastovu.vdu.lt\/en\/wp-json\/wp\/v2\/types\/page"}],"author":[{"embeddable":true,"href":"https:\/\/pastovu.vdu.lt\/en\/wp-json\/wp\/v2\/users\/1"}],"replies":[{"embeddable":true,"href":"https:\/\/pastovu.vdu.lt\/en\/wp-json\/wp\/v2\/comments?post=30"}],"version-history":[{"count":5,"href":"https:\/\/pastovu.vdu.lt\/en\/wp-json\/wp\/v2\/pages\/30\/revisions"}],"predecessor-version":[{"id":62,"href":"https:\/\/pastovu.vdu.lt\/en\/wp-json\/wp\/v2\/pages\/30\/revisions\/62"}],"wp:attachment":[{"href":"https:\/\/pastovu.vdu.lt\/en\/wp-json\/wp\/v2\/media?parent=30"}],"curies":[{"name":"wp","href":"https:\/\/api.w.org\/{rel}","templated":true}]}}