{"id":27,"date":"2021-11-15T20:46:52","date_gmt":"2021-11-15T20:46:52","guid":{"rendered":"http:\/\/pastovu.vdu.lt\/?page_id=27"},"modified":"2021-12-02T19:32:09","modified_gmt":"2021-12-02T19:32:09","slug":"pranesimai","status":"publish","type":"page","link":"https:\/\/pastovu.vdu.lt\/en\/pranesimai\/","title":{"rendered":"Talks"},"content":{"rendered":"\n<p>Bumbulien\u0117 I., Mandravickait\u0117 J., Boizou L., Krilavi\u010dius T. 2018:&nbsp;<a href=\"http:\/\/www.mii.vu.lt\/DAMSS\" target=\"_blank\" rel=\"noreferrer noopener\">Colloc \u2013 A Toolset for Multiword Expressions Identification<\/a>.&nbsp;<em>10th International Workshop Data Analysis Methods for Software Systems<\/em>. Druskininkai, 2018 m. lapkri\u010dio 29 d. \u2013 gruod\u017eio 1 d.<\/p>\n\n\n\n<p>Bumbulien\u0117 I., Mandravickait\u0117 J., Bielinskien\u0117 A., Boizou L., Kovalevskait\u0117 J., Rimkut\u0117 E., Vilkait\u0117-Lozdien\u0117 L., Man K. L., Krilavi\u010dius T. 2018: RNNs for Lithuanian Multiword Expressions Identification.&nbsp;<em>The International Conference on Recent Advancements in Computing, IoT and Computer Engineering Technology (CICET 2018).<\/em>&nbsp;Taipei (Taivanas), 2018 m. spalio 29\u201331 d.<\/p>\n\n\n\n<p>Vilkait\u0117-Lozdien\u0117 L., Rimkut\u0117 E., Bielinskien\u0117 A., Kovalevskait\u0117 J., 2018: Lietuvi\u0173 kalbos kolokacij\u0173 \u017eodyno sudarymo principai ir eiga. Tarptautin\u0117 mokslin\u0117 konferencija&nbsp;<em>Sociokult\u016brinis \u017eodyn\u0173 vaidmuo: konceptualumas, vizualumas, tradicijos kaita<\/em>.&nbsp;Lietuvi\u0173 kalbos instituto Bendrin\u0117s kalbos tyrim\u0173 centras,&nbsp;Vilnius, 2018 m. gegu\u017e\u0117s 17 d.<\/p>\n\n\n\n<p>Bumbulien\u0117 I., Mandravickait\u0117 J., Krilavi\u010dius T. 2017:&nbsp;Application of Machine Learning for MWE Identification. 9<em>th International Workshop Data Analysis Methods for Software Systems<\/em>.&nbsp;Druskininkai, 2017 m. lapkri\u010dio&nbsp;30&nbsp;d. \u2013 gruod\u017eio 2 d.<\/p>\n\n\n\n<p>Kovalevskait\u0117 J., Rimkut\u0117 E., Vilkait\u0117 L. 2017: Light Verb Constructions in Lithuanian: Identification and&nbsp;Classification. International Linguistics Conference&nbsp;<em>Linguistics Beyond And Within.&nbsp;<\/em>Liublinas (Lenkija), 2017 m. spalio&nbsp;18\u201319 d.<\/p>\n\n\n\n<p>Rimkut\u0117 E., Bielinskien\u0117 A., Boizou L., Bumbulien\u0117 I., Kovalevskait\u0117 J., Krilavi\u010dius T., Mandravickait\u0117 J., Vilkait\u0117 L. 2017:\u00a0<a href=\"http:\/\/pastovu.vdu.lt\/wp-content\/uploads\/2021\/11\/Jablonskio_konferencijos_tezes.pdf\" target=\"_blank\" rel=\"noreferrer noopener\">Duomen\u0173 baz\u0117 lietuvi\u0173 kalbos pastoviesiems junginiams<\/a>. 24-oji tarptautin\u0117 Jono Jablonskio konferencija\u00a0<em>Skaitmeniniai kalbos i\u0161tekliai, j\u0173 pl\u0117tros kryptys ir panaudos galimyb\u0117s<\/em>. Lietuvi\u0173 kalbos instituto Bendrin\u0117s kalbos tyrim\u0173 centras ir Vilniaus universiteto Taikomosios kalbotyros instituto Lietuvi\u0173 kalbos katedra. Vilnius, 2017 m. rugs\u0117jo 29 d.<\/p>\n\n\n\n<p>Bielinskien\u0117 A., Boizou L., Bumbulien\u0117 I., Kovalevskait\u0117 J., Krilavi\u010dius T., Mandravickait\u0117 J., Rimkut\u0117 E., Vilkait\u0117 L. 2017:\u00a0<a href=\"http:\/\/pastovu.vdu.lt\/wp-content\/uploads\/2021\/11\/PASTOVU-projekto-pristatymas_2017-09-08.pdf\" target=\"_blank\" rel=\"noreferrer noopener\">Lietuvi\u0173 kalbos pastovi\u0173j\u0173 jungini\u0173 nustatymo metodika ir apra\u0161ymo principai<\/a>.\u00a0<em>LITAKOS asociacijos seminaras<\/em>. Vilnius, Vilniaus universitetas, 2017 m. rugs\u0117jo 8 d.<\/p>\n\n\n\n<p>Rimkut\u0117 E., Kovalevskait\u0117 J., Bielinskien\u0117 A., Boizou L., Krilavi\u010dius T., Mandravickait\u0117 J., Bumbulien\u0117 I., Vilkait\u0117 L. 2017:\u00a0<a href=\"http:\/\/pastovu.vdu.lt\/wp-content\/uploads\/2021\/11\/TEZES_Moksliniai_administraciniai_ir_edukaciniai_terminologijos_lygmenys_2017.pdf\" target=\"_blank\" rel=\"noreferrer noopener\">Lietuvi\u0173 kalbos termin\u0173 ir kolokacij\u0173 automatinis nustatymas<\/a>. 2-oji tarptautin\u0117 mokslin\u0117 terminologijos konferencija\u00a0<em>Moksliniai, administraciniai ir edukaciniai terminologijos lygmenys<\/em>. Vilnius, Lietuvi\u0173 kalbos institutas, 2017 m. bir\u017eelio 1 d.<\/p>\n\n\n\n<p>Bumbulien\u0117 I., Mandravickait\u0117 J., Boizou L., Krilavi\u010dius T. 2017: &nbsp;&nbsp;<a href=\"http:\/\/ceur-ws.org\/Vol-1853\/\" target=\"_blank\" rel=\"noreferrer noopener\">An overview of Lithuanian Internet media n-gram corpus<\/a>.&nbsp;<em>SYSTEM 2017: Symposium for Young Scientists in Technology, Engineering and Mathematics.&nbsp;<\/em>Kaunas, Kauno technologijos universitetas, 2017 m. baland\u017eio 28 d.<\/p>\n\n\n\n<p>Mandravickait\u0117 J., Krilavi\u010dius T. 2017:\u00a0<a href=\"http:\/\/pastovu.vdu.lt\/wp-content\/uploads\/2021\/11\/MWE201712.pdf\" target=\"_blank\" rel=\"noreferrer noopener\">Identification of Multiword Expressions for Latvian and Lithuanian: Hybrid Approach<\/a>.\u00a0<em>The 13th Workshop on Multiword Expressions (MWE 2017)<\/em>. Valencija (Ispanija), 2017 m. baland\u017eio 4 d.<\/p>\n\n\n\n<p>Mandravickait\u0117 J., Krilavi\u010dius T. 2016:&nbsp;Hybrid Approach for an Automatic Identification of Multi-Word Expressions for Latvian and Lithuanian.&nbsp;<em>8th International Workshop on Data Analysis Methods for Software Systems<\/em>. Druskininkai, 2016 m. gruod\u017eio 1\u20133 d.<\/p>\n\n\n\n<p>Mandravickait\u0117 J., Rimkut\u0117 E., Krilavi\u010dius T. 2016:\u00a0<a href=\"http:\/\/pastovu.vdu.lt\/wp-content\/uploads\/2021\/11\/Hybrid_Approach.pdf\" target=\"_blank\" rel=\"noreferrer noopener\">Hybrid Approach for Automatic Identification of Multi-Word Expressions in Lithuanian<\/a>.\u00a0<em>The Seventh International Conference Baltic HLT 2016.\u00a0<\/em>Ryga (Latvija), 2016 m. spalio 6\u20137 d.<\/p>\n","protected":false},"excerpt":{"rendered":"<p>Bumbulien\u0117 I., Mandravickait\u0117 J., Boizou L., Krilavi\u010dius T. 2018:&nbsp;Colloc \u2013 A Toolset for Multiword Expressions Identification.&nbsp;10th International Workshop Data Analysis Methods for Software Systems. Druskininkai, 2018 m. lapkri\u010dio 29 d. \u2013 gruod\u017eio 1 d. Bumbulien\u0117 I., Mandravickait\u0117 J., Bielinskien\u0117 A., Boizou L., Kovalevskait\u0117 J., Rimkut\u0117 E., Vilkait\u0117-Lozdien\u0117 L., Man K. L., Krilavi\u010dius T. 2018: RNNs&hellip;<\/p>\n","protected":false},"author":1,"featured_media":0,"parent":0,"menu_order":0,"comment_status":"closed","ping_status":"closed","template":"","meta":{"footnotes":""},"class_list":["post-27","page","type-page","status-publish","hentry"],"translation":{"provider":"WPGlobus","version":"2.8.7","language":"en","enabled_languages":["lt","en"],"languages":{"lt":{"title":true,"content":true,"excerpt":false},"en":{"title":true,"content":true,"excerpt":false}}},"_links":{"self":[{"href":"https:\/\/pastovu.vdu.lt\/en\/wp-json\/wp\/v2\/pages\/27","targetHints":{"allow":["GET"]}}],"collection":[{"href":"https:\/\/pastovu.vdu.lt\/en\/wp-json\/wp\/v2\/pages"}],"about":[{"href":"https:\/\/pastovu.vdu.lt\/en\/wp-json\/wp\/v2\/types\/page"}],"author":[{"embeddable":true,"href":"https:\/\/pastovu.vdu.lt\/en\/wp-json\/wp\/v2\/users\/1"}],"replies":[{"embeddable":true,"href":"https:\/\/pastovu.vdu.lt\/en\/wp-json\/wp\/v2\/comments?post=27"}],"version-history":[{"count":5,"href":"https:\/\/pastovu.vdu.lt\/en\/wp-json\/wp\/v2\/pages\/27\/revisions"}],"predecessor-version":[{"id":92,"href":"https:\/\/pastovu.vdu.lt\/en\/wp-json\/wp\/v2\/pages\/27\/revisions\/92"}],"wp:attachment":[{"href":"https:\/\/pastovu.vdu.lt\/en\/wp-json\/wp\/v2\/media?parent=27"}],"curies":[{"name":"wp","href":"https:\/\/api.w.org\/{rel}","templated":true}]}}