{"id":24,"date":"2021-11-15T20:46:07","date_gmt":"2021-11-15T20:46:07","guid":{"rendered":"http:\/\/pastovu.vdu.lt\/?page_id=24"},"modified":"2021-11-17T08:53:03","modified_gmt":"2021-11-17T08:53:03","slug":"kita","status":"publish","type":"page","link":"https:\/\/pastovu.vdu.lt\/en\/kita\/","title":{"rendered":"Other"},"content":{"rendered":"\n<p>Information about the&nbsp;tool for the automatic identification of MWE:&nbsp;<a href=\"https:\/\/www.clarin.eu\/blog\/tour-de-clarin-clarin-lt-introduces-colloc\" target=\"_blank\" rel=\"noreferrer noopener\">https:\/\/www.clarin.eu\/blog\/tour-de-clarin-clarin-lt-introduces-colloc<\/a>.<\/p>\n\n\n\n<p>Bumbulien\u0117 I. 2018:&nbsp;<a href=\"https:\/\/www.vdu.lt\/cris\/bitstream\/20.500.12259\/36425\/1\/ieva_bumbuliene_md.pdf\" target=\"_blank\" rel=\"noreferrer noopener\"><em>Automatinis lietuvi\u0161k\u0173 pastovi\u0173j\u0173 \u017eod\u017ei\u0173 jungini\u0173 atpa\u017einimas<\/em><\/a>. Magistro darbas, Vytauto Did\u017eiojo universitetas.<\/p>\n\n\n\n<p>Internship in the project: Gabriel\u0117 Virbickien\u0117, 4<sup>th<\/sup>\u00a0year student of Lithuanian Philology at Vytautas Magnus University, topic of the research \u2013 the usage of the Lithuanian MWEs. Based on the results of the internship the bachelor thesis \u201cThe Grammatical Variability of Lithuanian Idioms: Corpus-based Study\u201d (superviser \u2013 dr. Jolanta Kovalevskait\u0117) were published in 2017. To read conclusions please see\u00a0<a href=\"http:\/\/pastovu.vdu.lt\/wp-content\/uploads\/2021\/11\/GV_summary.pdf\" target=\"_blank\" rel=\"noreferrer noopener\">summary<\/a>.<\/p>\n","protected":false},"excerpt":{"rendered":"<p>Information about the&nbsp;tool for the automatic identification of MWE:&nbsp;https:\/\/www.clarin.eu\/blog\/tour-de-clarin-clarin-lt-introduces-colloc. Bumbulien\u0117 I. 2018:&nbsp;Automatinis lietuvi\u0161k\u0173 pastovi\u0173j\u0173 \u017eod\u017ei\u0173 jungini\u0173 atpa\u017einimas. Magistro darbas, Vytauto Did\u017eiojo universitetas. Internship in the project: Gabriel\u0117 Virbickien\u0117, 4th\u00a0year student of Lithuanian Philology at Vytautas Magnus University, topic of the research \u2013 the usage of the Lithuanian MWEs. Based on the results of the internship&hellip;<\/p>\n","protected":false},"author":1,"featured_media":0,"parent":0,"menu_order":0,"comment_status":"closed","ping_status":"closed","template":"","meta":{"footnotes":""},"class_list":["post-24","page","type-page","status-publish","hentry"],"translation":{"provider":"WPGlobus","version":"2.8.7","language":"en","enabled_languages":["lt","en"],"languages":{"lt":{"title":true,"content":true,"excerpt":false},"en":{"title":true,"content":true,"excerpt":false}}},"_links":{"self":[{"href":"https:\/\/pastovu.vdu.lt\/en\/wp-json\/wp\/v2\/pages\/24","targetHints":{"allow":["GET"]}}],"collection":[{"href":"https:\/\/pastovu.vdu.lt\/en\/wp-json\/wp\/v2\/pages"}],"about":[{"href":"https:\/\/pastovu.vdu.lt\/en\/wp-json\/wp\/v2\/types\/page"}],"author":[{"embeddable":true,"href":"https:\/\/pastovu.vdu.lt\/en\/wp-json\/wp\/v2\/users\/1"}],"replies":[{"embeddable":true,"href":"https:\/\/pastovu.vdu.lt\/en\/wp-json\/wp\/v2\/comments?post=24"}],"version-history":[{"count":4,"href":"https:\/\/pastovu.vdu.lt\/en\/wp-json\/wp\/v2\/pages\/24\/revisions"}],"predecessor-version":[{"id":69,"href":"https:\/\/pastovu.vdu.lt\/en\/wp-json\/wp\/v2\/pages\/24\/revisions\/69"}],"wp:attachment":[{"href":"https:\/\/pastovu.vdu.lt\/en\/wp-json\/wp\/v2\/media?parent=24"}],"curies":[{"name":"wp","href":"https:\/\/api.w.org\/{rel}","templated":true}]}}